{"id":27,"date":"2024-03-16T17:12:06","date_gmt":"2024-03-16T16:12:06","guid":{"rendered":"https:\/\/hdazb.hr\/?page_id=27"},"modified":"2026-03-09T14:15:33","modified_gmt":"2026-03-09T13:15:33","slug":"hrvatsko-drustvo-za-akutno-zbrinjavanje-zivotno-ugrozenih-bolesnika","status":"publish","type":"page","link":"https:\/\/hdazb.hr\/","title":{"rendered":"Hrvatsko dru\u0161tvo za akutno zbrinjavanje \u017eivotno ugro\u017eenih bolesnika"},"content":{"rendered":"<p>[et_pb_section fb_built=&#8221;1&#8243; admin_label=&#8221;Header&#8221; _builder_version=&#8221;4.24.2&#8243; _module_preset=&#8221;default&#8221; use_background_color_gradient=&#8221;on&#8221; background_color_gradient_stops=&#8221;#f2f0eb 0%|rgba(242,240,235,0) 100%&#8221; background_color_gradient_overlays_image=&#8221;on&#8221; background_image=&#8221;https:\/\/hdazb.hr\/wp-content\/uploads\/2024\/03\/hdazb_header_main.jpg&#8221; parallax=&#8221;on&#8221; custom_padding=&#8221;8vw||20vw||false|false&#8221; animation_style=&#8221;fade&#8221; animation_delay=&#8221;250ms&#8221; border_radii=&#8221;off|||10vw|10vw&#8221; collapsed=&#8221;off&#8221; global_colors_info=&#8221;{}&#8221;][et_pb_row _builder_version=&#8221;4.24.0&#8243; _module_preset=&#8221;default&#8221; max_width=&#8221;1800px&#8221; global_colors_info=&#8221;{}&#8221;][et_pb_column type=&#8221;4_4&#8243; _builder_version=&#8221;4.22.0&#8243; _module_preset=&#8221;default&#8221; global_colors_info=&#8221;{}&#8221;][et_pb_text _builder_version=&#8221;4.24.2&#8243; _module_preset=&#8221;390d880b-5f30-4ae1-b830-7e537d03111b&#8221; header_text_color=&#8221;#144679&#8243; max_width=&#8221;1440px&#8221; custom_margin=&#8221;||10px||false|false&#8221; animation_style=&#8221;slide&#8221; animation_delay=&#8221;400ms&#8221; header_text_shadow_style=&#8221;preset1&#8243; global_colors_info=&#8221;{}&#8221;]<\/p>\n<h1>Hrvatsko dru\u0161tvo<\/h1>\n<h1>za akutnu medicinu<\/h1>\n<p>[\/et_pb_text][et_pb_text disabled_on=&#8221;on|on|on&#8221; _builder_version=&#8221;4.24.2&#8243; _module_preset=&#8221;7b91c255-615a-4e47-83c6-6618a5b1d00e&#8221; text_text_color=&#8221;gcid-2490e176-5733-4f77-b033-d0b72133e372&#8243; header_4_text_color=&#8221;#ed1c24&#8243; max_width=&#8221;1440px&#8221; animation_style=&#8221;slide&#8221; animation_delay=&#8221;550ms&#8221; header_4_text_shadow_style=&#8221;preset1&#8243; disabled=&#8221;on&#8221; global_colors_info=&#8221;{%22gcid-2490e176-5733-4f77-b033-d0b72133e372%22:%91%22text_text_color%22%93}&#8221;]<\/p>\n<h4>Pridru\u017eite nam se i Vi!<\/h4>\n<p>[\/et_pb_text][et_pb_button button_url=&#8221;@ET-DC@eyJkeW5hbWljIjp0cnVlLCJjb250ZW50IjoicG9zdF9saW5rX3VybF9wYWdlIiwic2V0dGluZ3MiOnsicG9zdF9pZCI6IjMzNTYxNCJ9fQ==@&#8221; button_text=&#8221;PRIJAVA NA TE\u010cAJ&#8221; _builder_version=&#8221;4.27.4&#8243; _dynamic_attributes=&#8221;button_url&#8221; _module_preset=&#8221;a8a79269-6b07-43e2-89bd-deebaed3f3cc&#8221; animation_style=&#8221;slide&#8221; animation_delay=&#8221;450ms&#8221; hover_enabled=&#8221;0&#8243; global_colors_info=&#8221;{}&#8221; button_bg_color__hover_enabled=&#8221;on|hover&#8221; button_bg_color__hover=&#8221;#ed1c24&#8243; button_bg_enable_color__hover=&#8221;on&#8221; sticky_enabled=&#8221;0&#8243;][\/et_pb_button][\/et_pb_column][\/et_pb_row][\/et_pb_section][et_pb_section fb_built=&#8221;1&#8243; admin_label=&#8221;About&#8221; _builder_version=&#8221;4.24.0&#8243; _module_preset=&#8221;default&#8221; collapsed=&#8221;on&#8221; global_colors_info=&#8221;{}&#8221;][et_pb_row column_structure=&#8221;1_2,1_2&#8243; _builder_version=&#8221;4.27.4&#8243; _module_preset=&#8221;default&#8221; max_width=&#8221;1772px&#8221; hover_enabled=&#8221;0&#8243; global_colors_info=&#8221;{}&#8221; custom_padding=&#8221;|0px||||&#8221; sticky_enabled=&#8221;0&#8243;][et_pb_column type=&#8221;1_2&#8243; _builder_version=&#8221;4.22.0&#8243; _module_preset=&#8221;default&#8221; global_colors_info=&#8221;{}&#8221;][et_pb_text _builder_version=&#8221;4.27.4&#8243; _module_preset=&#8221;d98c64de-e28d-4d83-a0a8-6f59a08dc4f1&#8243; header_2_text_color=&#8221;#000000&#8243; header_2_font_size=&#8221;30px&#8221; header_2_line_height=&#8221;1.4em&#8221; animation_style=&#8221;slide&#8221; animation_direction=&#8221;left&#8221; animation_delay=&#8221;450ms&#8221; hover_enabled=&#8221;0&#8243; header_2_text_shadow_style=&#8221;preset1&#8243; global_colors_info=&#8221;{}&#8221; width=&#8221;87.2%&#8221; sticky_enabled=&#8221;0&#8243;]<\/p>\n<h2><\/h2>\n<h2>ETC (European Trauma Course)<\/h2>\n<p>&nbsp;<\/p>\n<p>[\/et_pb_text][et_pb_text _builder_version=&#8221;4.27.4&#8243; _module_preset=&#8221;d98c64de-e28d-4d83-a0a8-6f59a08dc4f1&#8243; header_2_text_color=&#8221;#000000&#8243; header_2_font_size=&#8221;30px&#8221; header_2_line_height=&#8221;1.4em&#8221; animation_style=&#8221;slide&#8221; animation_direction=&#8221;left&#8221; animation_delay=&#8221;450ms&#8221; hover_enabled=&#8221;0&#8243; header_2_text_shadow_style=&#8221;preset1&#8243; global_colors_info=&#8221;{}&#8221; width=&#8221;87.2%&#8221; sticky_enabled=&#8221;0&#8243; custom_margin=&#8221;-38px|||||&#8221; min_height=&#8221;53.6px&#8221; custom_padding=&#8221;8px|||||&#8221;]<\/p>\n<h2><\/h2>\n<h2><span style=\"font-size: x-large;\">15. &#8211; 17. 5. 2026.<\/span><\/h2>\n<p>[\/et_pb_text][et_pb_text _builder_version=&#8221;4.25.1&#8243; _module_preset=&#8221;8e610f01-04eb-46d2-b3dd-c4441b6b49c6&#8243; header_2_font_size=&#8221;48px&#8221; header_3_text_color=&#8221;#000000&#8243; custom_margin=&#8221;||10px||false|false&#8221; animation_style=&#8221;slide&#8221; animation_direction=&#8221;left&#8221; animation_delay=&#8221;450ms&#8221; header_3_text_shadow_style=&#8221;preset1&#8243; global_colors_info=&#8221;{}&#8221;]<\/p>\n<h3><span style=\"font-size: x-large;\">Kotizacija za sudjelovanje: 850,00 EUR.<\/span><\/h3>\n<p>[\/et_pb_text][et_pb_button button_url=&#8221;https:\/\/hdazb.hr\/simpozij\/HDAZB_Simpozij_Poziv_Program.pdf&#8221; url_new_window=&#8221;on&#8221; button_text=&#8221;PROGRAM TE\u010cAJA&#8221; disabled_on=&#8221;on|on|on&#8221; _builder_version=&#8221;4.27.4&#8243; _module_preset=&#8221;a8a79269-6b07-43e2-89bd-deebaed3f3cc&#8221; animation_style=&#8221;slide&#8221; animation_delay=&#8221;450ms&#8221; hover_enabled=&#8221;0&#8243; disabled=&#8221;on&#8221; global_colors_info=&#8221;{}&#8221; button_bg_color__hover_enabled=&#8221;on|hover&#8221; button_bg_color__hover=&#8221;#ed1c24&#8243; button_bg_enable_color__hover=&#8221;on&#8221; sticky_enabled=&#8221;0&#8243;][\/et_pb_button][\/et_pb_column][et_pb_column type=&#8221;1_2&#8243; _builder_version=&#8221;4.22.0&#8243; _module_preset=&#8221;default&#8221; global_colors_info=&#8221;{}&#8221;][et_pb_text _builder_version=&#8221;4.27.4&#8243; _module_preset=&#8221;8e610f01-04eb-46d2-b3dd-c4441b6b49c6&#8243; header_2_font_size=&#8221;48px&#8221; header_3_text_color=&#8221;#144679&#8243; custom_margin=&#8221;|-246px|10px|-4px|false|false&#8221; animation_style=&#8221;slide&#8221; animation_direction=&#8221;right&#8221; animation_delay=&#8221;450ms&#8221; hover_enabled=&#8221;0&#8243; header_3_text_shadow_style=&#8221;preset1&#8243; global_colors_info=&#8221;{}&#8221; width=&#8221;100%&#8221; custom_padding=&#8221;6px|0px|0px|0px||&#8221; sticky_enabled=&#8221;0&#8243; min_height=&#8221;115.8px&#8221; z_index=&#8221;-80&#8243;]<\/p>\n<h2><span style=\"font-size: xx-large;\"><strong>ETC (European Trauma Course)<\/strong><\/span><\/h2>\n<p>[\/et_pb_text][et_pb_text _builder_version=&#8221;4.24.2&#8243; _module_preset=&#8221;8e610f01-04eb-46d2-b3dd-c4441b6b49c6&#8243; header_2_font_size=&#8221;48px&#8221; header_3_text_color=&#8221;#144679&#8243; custom_margin=&#8221;-21px||10px|-6px|false|false&#8221; animation_style=&#8221;slide&#8221; animation_direction=&#8221;right&#8221; animation_delay=&#8221;450ms&#8221; header_3_text_shadow_style=&#8221;preset1&#8243; global_colors_info=&#8221;{}&#8221; width=&#8221;60.8%&#8221; min_height=&#8221;39.4px&#8221;]<\/p>\n<h1><span style=\"font-size: x-large;\"><strong>27. &#8211; 29. 11.2026.<\/strong><\/span><\/h1>\n<p>[\/et_pb_text][et_pb_button button_url=&#8221;https:\/\/hdazb.hr\/simpozij\/Program_Simpozija_HDAZB.pdf&#8221; url_new_window=&#8221;on&#8221; button_text=&#8221;PROGRAM TE\u010cAJA&#8221; _builder_version=&#8221;4.27.4&#8243; _module_preset=&#8221;a8a79269-6b07-43e2-89bd-deebaed3f3cc&#8221; animation_style=&#8221;slide&#8221; animation_delay=&#8221;450ms&#8221; hover_enabled=&#8221;0&#8243; global_colors_info=&#8221;{}&#8221; button_bg_color__hover_enabled=&#8221;on|hover&#8221; button_bg_color__hover=&#8221;#ed1c24&#8243; button_bg_enable_color__hover=&#8221;on&#8221; sticky_enabled=&#8221;0&#8243;][\/et_pb_button][\/et_pb_column][\/et_pb_row][et_pb_row _builder_version=&#8221;4.24.0&#8243; _module_preset=&#8221;default&#8221; max_width=&#8221;1800px&#8221; global_colors_info=&#8221;{}&#8221;][et_pb_column type=&#8221;4_4&#8243; _builder_version=&#8221;4.22.0&#8243; _module_preset=&#8221;default&#8221; global_colors_info=&#8221;{}&#8221;][et_pb_image src=&#8221;https:\/\/hdazb.hr\/wp-content\/uploads\/2024\/03\/hdazb_simpozij_hotel_malin.jpg&#8221; alt=&#8221;HRVATSKO DRU\u0160TVO ZA AKUTNO ZBRINJAVANJE \u017dIVOTNO UGRO\u017dENIH BOLESNIKA | Rijeka | Hrvatska &#8211; Simpozij, hotel Malin, Krk&#8221; title_text=&#8221;HRVATSKO DRU\u0160TVO ZA AKUTNO ZBRINJAVANJE \u017dIVOTNO UGRO\u017dENIH BOLESNIKA | Rijeka | Hrvatska &#8211; Simpozij, hotel Malin, Krk&#8221; align=&#8221;center&#8221; _builder_version=&#8221;4.24.2&#8243; _module_preset=&#8221;default&#8221; width=&#8221;60%&#8221; custom_margin=&#8221;||||false|false&#8221; custom_padding=&#8221;6%||6%||true|false&#8221; animation_style=&#8221;slide&#8221; animation_delay=&#8221;350ms&#8221; scroll_scaling=&#8221;0|100|100|100|90%|100|100&#8243; border_radii=&#8221;on|1000px|1000px|1000px|1000px&#8221; box_shadow_style=&#8221;preset1&#8243; global_colors_info=&#8221;{}&#8221;][\/et_pb_image][et_pb_image src=&#8221;https:\/\/hdazb.hr\/wp-content\/uploads\/2024\/03\/hdazb_simpozij1.jpg&#8221; alt=&#8221;HRVATSKO DRU\u0160TVO ZA AKUTNO ZBRINJAVANJE \u017dIVOTNO UGRO\u017dENIH BOLESNIKA | Rijeka | Hrvatska &#8211; Simpozij 5. i 6. listopad 2024.&#8221; title_text=&#8221;HRVATSKO DRU\u0160TVO ZA AKUTNO ZBRINJAVANJE \u017dIVOTNO UGRO\u017dENIH BOLESNIKA | Rijeka | Hrvatska &#8211; Simpozij 5. i 6. listopad 2024.&#8221; _builder_version=&#8221;4.24.2&#8243; _module_preset=&#8221;default&#8221; positioning=&#8221;absolute&#8221; width=&#8221;20%&#8221; custom_padding=&#8221;|36px||0px|false|false&#8221; animation_style=&#8221;slide&#8221; animation_delay=&#8221;250ms&#8221; scroll_rotating=&#8221;0|50|50|100|40\u00b0|0|-40\u00b0&#8221; border_radii=&#8221;on|1000px|1000px|1000px|1000px&#8221; box_shadow_style=&#8221;preset1&#8243; global_colors_info=&#8221;{}&#8221;][\/et_pb_image][et_pb_image src=&#8221;https:\/\/hdazb.hr\/wp-content\/uploads\/2024\/03\/hdazb_simpozij_hotel_malin1.jpg&#8221; alt=&#8221;HRVATSKO DRU\u0160TVO ZA AKUTNO ZBRINJAVANJE \u017dIVOTNO UGRO\u017dENIH BOLESNIKA | Rijeka | Hrvatska &#8211; Simpozij, hotel Malin, Krk&#8221; title_text=&#8221;HRVATSKO DRU\u0160TVO ZA AKUTNO ZBRINJAVANJE \u017dIVOTNO UGRO\u017dENIH BOLESNIKA | Rijeka | Hrvatska &#8211; Simpozij, hotel Malin, Krk&#8221; _builder_version=&#8221;4.24.2&#8243; _module_preset=&#8221;default&#8221; positioning=&#8221;absolute&#8221; position_origin_a=&#8221;bottom_left&#8221; position_origin_a_last_edited=&#8221;off|tablet&#8221; position_origin_f_last_edited=&#8221;off|tablet&#8221; position_origin_r_last_edited=&#8221;off|tablet&#8221; width=&#8221;20%&#8221; animation_style=&#8221;slide&#8221; animation_delay=&#8221;450ms&#8221; positioning_last_edited=&#8221;off|tablet&#8221; border_radii=&#8221;on|1000px|1000px|1000px|1000px&#8221; box_shadow_style=&#8221;preset1&#8243; global_colors_info=&#8221;{}&#8221;][\/et_pb_image][et_pb_image src=&#8221;https:\/\/hdazb.hr\/wp-content\/uploads\/2024\/03\/hdazb_simpozij_hotel_malin2.jpg&#8221; alt=&#8221;HRVATSKO DRU\u0160TVO ZA AKUTNO ZBRINJAVANJE \u017dIVOTNO UGRO\u017dENIH BOLESNIKA | Rijeka | Hrvatska &#8211; Simpozij, hotel Malin, Krk&#8221; title_text=&#8221;HRVATSKO DRU\u0160TVO ZA AKUTNO ZBRINJAVANJE \u017dIVOTNO UGRO\u017dENIH BOLESNIKA | Rijeka | Hrvatska &#8211; Simpozij, hotel Malin, Krk&#8221; _builder_version=&#8221;4.24.2&#8243; _module_preset=&#8221;default&#8221; positioning=&#8221;absolute&#8221; position_origin_a=&#8221;top_right&#8221; width=&#8221;20%&#8221; animation_style=&#8221;slide&#8221; animation_delay=&#8221;250ms&#8221; border_radii=&#8221;on|1000px|1000px|1000px|1000px&#8221; box_shadow_style=&#8221;preset1&#8243; global_colors_info=&#8221;{}&#8221;][\/et_pb_image][et_pb_image src=&#8221;https:\/\/hdazb.hr\/wp-content\/uploads\/2024\/03\/hdazb_simpozij2.jpg&#8221; alt=&#8221;HRVATSKO DRU\u0160TVO ZA AKUTNO ZBRINJAVANJE \u017dIVOTNO UGRO\u017dENIH BOLESNIKA | Rijeka | Hrvatska &#8211; Simpozij 5. i 6. listopad 2024.&#8221; title_text=&#8221;HRVATSKO DRU\u0160TVO ZA AKUTNO ZBRINJAVANJE \u017dIVOTNO UGRO\u017dENIH BOLESNIKA | Rijeka | Hrvatska &#8211; Simpozij 5. i 6. listopad 2024.&#8221; align_last_edited=&#8221;off|desktop&#8221; _builder_version=&#8221;4.24.2&#8243; _module_preset=&#8221;default&#8221; positioning=&#8221;absolute&#8221; position_origin_a=&#8221;bottom_right&#8221; position_origin_a_last_edited=&#8221;off|tablet&#8221; position_origin_f_last_edited=&#8221;off|tablet&#8221; position_origin_r_last_edited=&#8221;off|tablet&#8221; width=&#8221;20%&#8221; animation_style=&#8221;slide&#8221; animation_delay=&#8221;450ms&#8221; scroll_rotating=&#8221;0|50|50|100|-30\u00b0|0|30\u00b0&#8221; positioning_last_edited=&#8221;off|tablet&#8221; border_radii=&#8221;on|1000px|1000px|1000px|1000px&#8221; box_shadow_style=&#8221;preset1&#8243; global_colors_info=&#8221;{}&#8221;][\/et_pb_image][\/et_pb_column][\/et_pb_row][\/et_pb_section][et_pb_section fb_built=&#8221;1&#8243; admin_label=&#8221;Projects&#8221; _builder_version=&#8221;4.24.0&#8243; _module_preset=&#8221;default&#8221; use_background_color_gradient=&#8221;on&#8221; background_color_gradient_stops=&#8221;#f2f0eb 0%|#ffffff 100%&#8221; border_radii=&#8221;off|3vw|3vw||&#8221; collapsed=&#8221;on&#8221; global_colors_info=&#8221;{}&#8221;][et_pb_row _builder_version=&#8221;4.22.0&#8243; _module_preset=&#8221;default&#8221; global_colors_info=&#8221;{}&#8221;][et_pb_column type=&#8221;4_4&#8243; _builder_version=&#8221;4.22.0&#8243; _module_preset=&#8221;default&#8221; global_colors_info=&#8221;{}&#8221;][et_pb_text _builder_version=&#8221;4.24.2&#8243; _module_preset=&#8221;d98c64de-e28d-4d83-a0a8-6f59a08dc4f1&#8243; text_orientation=&#8221;center&#8221; animation_style=&#8221;slide&#8221; animation_delay=&#8221;400ms&#8221; header_2_text_shadow_style=&#8221;preset1&#8243; global_colors_info=&#8221;{}&#8221;]<\/p>\n<h2>Ciljevi dru\u0161tva<\/h2>\n<p>[\/et_pb_text][\/et_pb_column][\/et_pb_row][et_pb_row column_structure=&#8221;1_2,1_2&#8243; _builder_version=&#8221;4.24.0&#8243; _module_preset=&#8221;default&#8221; max_width=&#8221;1800px&#8221; global_colors_info=&#8221;{}&#8221;][et_pb_column type=&#8221;1_2&#8243; _builder_version=&#8221;4.22.0&#8243; _module_preset=&#8221;default&#8221; global_colors_info=&#8221;{}&#8221;][et_pb_image src=&#8221;https:\/\/hdazb.hr\/wp-content\/uploads\/2024\/03\/hdazb_ciljevi_drustva1.jpg&#8221; alt=&#8221;HRVATSKO DRU\u0160TVO ZA AKUTNO ZBRINJAVANJE \u017dIVOTNO UGRO\u017dENIH BOLESNIKA | Rijeka | Hrvatska&#8221; title_text=&#8221;HRVATSKO DRU\u0160TVO ZA AKUTNO ZBRINJAVANJE \u017dIVOTNO UGRO\u017dENIH BOLESNIKA | Rijeka | Hrvatska&#8221; force_fullwidth=&#8221;on&#8221; _builder_version=&#8221;4.24.2&#8243; _module_preset=&#8221;default&#8221; animation_style=&#8221;slide&#8221; animation_direction=&#8221;left&#8221; animation_delay=&#8221;600ms&#8221; scroll_horizontal_motion_enable=&#8221;on&#8221; scroll_horizontal_motion=&#8221;0|70|70|100|0.3|0|0&#8243; motion_trigger_start=&#8221;top&#8221; border_radii=&#8221;on|80px|80px|80px|80px&#8221; box_shadow_style=&#8221;preset1&#8243; global_colors_info=&#8221;{}&#8221;][\/et_pb_image][et_pb_text _builder_version=&#8221;4.24.2&#8243; _module_preset=&#8221;8e610f01-04eb-46d2-b3dd-c4441b6b49c6&#8243; header_3_text_align=&#8221;center&#8221; custom_margin=&#8221;||10px||false|false&#8221; animation_style=&#8221;slide&#8221; animation_direction=&#8221;left&#8221; animation_delay=&#8221;350ms&#8221; header_3_text_shadow_style=&#8221;preset1&#8243; global_colors_info=&#8221;{}&#8221;]<\/p>\n<h3>Edukacija medicinskog osoblja iz pru\u017eanja adekvatne medicinske skrbi \u017eivotno ugro\u017eenim bolesnicima<\/h3>\n<p>[\/et_pb_text][\/et_pb_column][et_pb_column type=&#8221;1_2&#8243; _builder_version=&#8221;4.22.0&#8243; _module_preset=&#8221;default&#8221; global_colors_info=&#8221;{}&#8221;][et_pb_image src=&#8221;https:\/\/hdazb.hr\/wp-content\/uploads\/2024\/03\/hdazb_ciljevi_drustva2.jpg&#8221; alt=&#8221;HRVATSKO DRU\u0160TVO ZA AKUTNO ZBRINJAVANJE \u017dIVOTNO UGRO\u017dENIH BOLESNIKA | Rijeka | Hrvatska&#8221; title_text=&#8221;HRVATSKO DRU\u0160TVO ZA AKUTNO ZBRINJAVANJE \u017dIVOTNO UGRO\u017dENIH BOLESNIKA | Rijeka | Hrvatska&#8221; force_fullwidth=&#8221;on&#8221; _builder_version=&#8221;4.24.2&#8243; _module_preset=&#8221;default&#8221; animation_style=&#8221;slide&#8221; animation_direction=&#8221;right&#8221; animation_delay=&#8221;600ms&#8221; scroll_horizontal_motion_enable=&#8221;on&#8221; scroll_horizontal_motion=&#8221;0|70|70|100|-0.3|0|0&#8243; motion_trigger_start=&#8221;top&#8221; border_radii=&#8221;on|80px|80px|80px|80px&#8221; box_shadow_style=&#8221;preset1&#8243; global_colors_info=&#8221;{}&#8221;][\/et_pb_image][et_pb_text _builder_version=&#8221;4.24.2&#8243; _module_preset=&#8221;8e610f01-04eb-46d2-b3dd-c4441b6b49c6&#8243; header_3_text_align=&#8221;center&#8221; custom_margin=&#8221;||10px||false|false&#8221; animation_style=&#8221;slide&#8221; animation_direction=&#8221;right&#8221; animation_delay=&#8221;350ms&#8221; header_3_text_shadow_style=&#8221;preset1&#8243; global_colors_info=&#8221;{}&#8221;]<\/p>\n<h3>Edukacija uniformiranih laika i op\u0107e populacije iz mjera osnovnog odr\u017eavanja \u017eivota<\/h3>\n<p>[\/et_pb_text][\/et_pb_column][\/et_pb_row][\/et_pb_section][et_pb_section fb_built=&#8221;1&#8243; disabled_on=&#8221;on|on|on&#8221; admin_label=&#8221;Testimonial&#8221; _builder_version=&#8221;4.24.2&#8243; _module_preset=&#8221;default&#8221; background_color=&#8221;#FFFFFF&#8221; z_index=&#8221;10&#8243; disabled=&#8221;on&#8221; collapsed=&#8221;on&#8221; global_colors_info=&#8221;{}&#8221;][et_pb_row _builder_version=&#8221;4.24.0&#8243; _module_preset=&#8221;default&#8221; max_width=&#8221;1800px&#8221; global_colors_info=&#8221;{}&#8221;][et_pb_column type=&#8221;4_4&#8243; _builder_version=&#8221;4.22.0&#8243; _module_preset=&#8221;default&#8221; global_colors_info=&#8221;{}&#8221;][et_pb_text _builder_version=&#8221;4.24.2&#8243; _module_preset=&#8221;d98c64de-e28d-4d83-a0a8-6f59a08dc4f1&#8243; header_2_font=&#8221;Inter|600|||||||&#8221; header_2_font_size=&#8221;2vw&#8221; text_orientation=&#8221;center&#8221; animation_style=&#8221;slide&#8221; animation_delay=&#8221;400ms&#8221; header_2_font_size_tablet=&#8221;2vw&#8221; header_2_font_size_phone=&#8221;2vw&#8221; header_2_font_size_last_edited=&#8221;on|phone&#8221; header_2_text_shadow_style=&#8221;preset1&#8243; global_colors_info=&#8221;{}&#8221;]<\/p>\n<h2><span data-metadata=\"&lt;!--(figmeta)eyJmaWxlS2V5IjoiWjMyYzg5cm5wcDBuWFp0TkgxMmh5aSIsInBhc3RlSUQiOjM2NDczMDc0LCJkYXRhVHlwZSI6InNjZW5lIn0K(\/figmeta)--&gt;\"><\/span>HDAM organizira i provodi licencirane te\u010dajeve Europskog reanimatolo\u0161kog dru\u0161tva (ERC)<\/h2>\n<p>[\/et_pb_text][\/et_pb_column][\/et_pb_row][\/et_pb_section]<\/p>\n","protected":false},"excerpt":{"rendered":"<p>Hrvatsko dru\u0161tvo za akutnu medicinuPridru\u017eite nam se i Vi! ETC (European Trauma Course) &nbsp; 15. &#8211; 17. 5. 2026.Kotizacija za sudjelovanje: 850,00 EUR.ETC (European Trauma Course)27. &#8211; 29. 11.2026.Ciljevi dru\u0161tvaEdukacija medicinskog osoblja iz pru\u017eanja adekvatne medicinske skrbi \u017eivotno ugro\u017eenim bolesnicimaEdukacija uniformiranih laika i op\u0107e populacije iz mjera osnovnog odr\u017eavanja \u017eivotaHDAM organizira i provodi licencirane te\u010dajeve [&hellip;]<\/p>\n","protected":false},"author":1,"featured_media":0,"parent":0,"menu_order":0,"comment_status":"closed","ping_status":"closed","template":"","meta":{"_et_pb_use_builder":"on","_et_pb_old_content":"","_et_gb_content_width":"","footnotes":""},"class_list":["post-27","page","type-page","status-publish","hentry"],"_links":{"self":[{"href":"https:\/\/hdazb.hr\/index.php?rest_route=\/wp\/v2\/pages\/27","targetHints":{"allow":["GET"]}}],"collection":[{"href":"https:\/\/hdazb.hr\/index.php?rest_route=\/wp\/v2\/pages"}],"about":[{"href":"https:\/\/hdazb.hr\/index.php?rest_route=\/wp\/v2\/types\/page"}],"author":[{"embeddable":true,"href":"https:\/\/hdazb.hr\/index.php?rest_route=\/wp\/v2\/users\/1"}],"replies":[{"embeddable":true,"href":"https:\/\/hdazb.hr\/index.php?rest_route=%2Fwp%2Fv2%2Fcomments&post=27"}],"version-history":[{"count":91,"href":"https:\/\/hdazb.hr\/index.php?rest_route=\/wp\/v2\/pages\/27\/revisions"}],"predecessor-version":[{"id":335734,"href":"https:\/\/hdazb.hr\/index.php?rest_route=\/wp\/v2\/pages\/27\/revisions\/335734"}],"wp:attachment":[{"href":"https:\/\/hdazb.hr\/index.php?rest_route=%2Fwp%2Fv2%2Fmedia&parent=27"}],"curies":[{"name":"wp","href":"https:\/\/api.w.org\/{rel}","templated":true}]}}